{"id":6,"date":"2021-02-27T15:07:21","date_gmt":"2021-02-27T15:07:21","guid":{"rendered":"http:\/\/www.podolchami.pl\/?page_id=6"},"modified":"2025-03-31T09:40:06","modified_gmt":"2025-03-31T09:40:06","slug":"agroturystyka-pod-olchami","status":"publish","type":"page","link":"https:\/\/www.podolchami.pl\/","title":{"rendered":"Agroturystyka Pod Olchami Tw\u00f3j azyl na Roztoczu"},"content":{"rendered":"\n<p><strong>Komfortowy dom tylko dla Ciebie<\/strong><\/p>\n\n\n\n<p>Oferujemy przestronny, w pe\u0142ni wyposa\u017cony dom z czterema pokojami, balkonem i du\u017cym tarasem. Do Twojej dyspozycji jest kuchnia ze wszystkimi niezb\u0119dnymi sprz\u0119tami, \u0142azienka, a w oknach zamontowane s\u0105 moskitiery. Na zewn\u0105trz czeka na Ciebie du\u017cy ogr\u00f3d z placem zabaw dla dzieci (w tym domek dla dzieci ze zje\u017cd\u017calni\u0105!), miejscem na grilla i ognisko, a tak\u017ce hamaki, le\u017caki i hu\u015btawka. Relaks w cieniu drzew gwarantowany!<\/p>\n\n\n\n<p><strong>Sielski klimat i pyszne jedzenie<\/strong><\/p>\n\n\n\n<p>Ciesz si\u0119 spokojem i cisz\u0105 w otoczeniu przyrody. Je\u015bli chcesz, mo\u017cesz skosztowa\u0107 pysznych, domowych posi\u0142k\u00f3w przygotowanych ze \u015bwie\u017cych produkt\u00f3w z naszego gospodarstwa. A wieczorem, rozpal ognisko i sp\u0119d\u017a czas z bliskimi pod rozgwie\u017cd\u017conym niebem.<\/p>\n\n\n\n<p><strong>Atrakcje dla ka\u017cdego<\/strong><\/p>\n\n\n\n<p>W okolicy czeka na Ciebie mn\u00f3stwo atrakcji:<\/p>\n\n\n\n<p><strong>Lasy:<\/strong> Zaledwie 200 metr\u00f3w od domu rozpo\u015bciera si\u0119 las, idealny na spacery, grzybobranie i zbieranie jag\u00f3d. Ws\u0142uchaj si\u0119 w \u015bpiew ptak\u00f3w, poczuj zapach \u017cywicy i odpocznij od codzienno\u015bci.<\/p>\n\n\n\n<p><strong>Roztocze:<\/strong> Odkryj uroki Roztocza\u0144skiego Parku Narodowego, malowniczych szlak\u00f3w turystycznych i urokliwych miasteczek, takich jak Zwierzyniec, Szczebrzeszyn, Bi\u0142goraj czy Zamo\u015b\u0107 &#8211; per\u0142a renesansu. Zwiedzaj zabytki, podziwiaj panoramy i delektuj si\u0119 lokaln\u0105 kuchni\u0105.<\/p>\n\n\n\n<p><strong>Aktywny wypoczynek:<\/strong> Wypo\u017cycz kajak i sp\u0142y\u0144 malownicz\u0105 rzek\u0105 Tanew oraz Wieprz, wybierz si\u0119 na rowerow\u0105 przeja\u017cd\u017ck\u0119 po okolicy lub spr\u00f3buj swoich si\u0142 w je\u017adzie konnej. A mo\u017ce masz ochot\u0119 na w\u0119dkowanie? W pobli\u017cu znajduj\u0105 si\u0119 liczne stawy, gdzie mo\u017cesz odda\u0107 si\u0119 swojej pasji.<\/p>\n\n\n\n<p><strong>Letnie wieczory:<\/strong> W wakacyjne wieczory Kino w Browarze w Zwierzy\u0144cu zaprasza na seanse kina pod gwiazdami w ramach Letniej Akademii Filmowej. To niezapomniane prze\u017cycie dla ca\u0142ej rodziny!<\/p>\n\n\n\n<p><strong>W\u0142asna kraina zabaw:<\/strong> Na ma\u0142ych odkrywc\u00f3w czeka prawdziwa gratka &#8211; drewniany domek ze zje\u017cd\u017calni\u0105! To ich w\u0142asna kraina zabaw, gdzie mog\u0105 pu\u015bci\u0107 wodze fantazji i prze\u017cywa\u0107 niesamowite przygody.<\/p>\n\n\n\n<p><strong>Zarezerwuj sw\u00f3j wymarzony wypoczynek ju\u017c dzi\u015b!<\/strong><\/p>\n\n\n\n<p>Agroturystyka &#8222;Pod Olchami&#8221; to idealne miejsce dla rodzin z dzie\u0107mi, par i grup przyjaci\u00f3\u0142. Skontaktuj si\u0119 z nami i zaplanuj niezapomniane wakacje na Roztoczu!<\/p>\n\n\n\n<p><strong>Dodatkowe informacje:<\/strong><\/p>\n\n\n\n<p>Internet Wi-Fi<\/p>\n\n\n\n<p>Ogrodzony teren<\/p>\n\n\n\n<p>Darmowy parking<\/p>\n\n\n\n<p>Cz\u0142onek Stowarzyszenia Kwaterodawc\u00f3w Miasta i Gminy Zwierzyniec<\/p>\n\n\n\n<figure class=\"wp-block-gallery has-nested-images columns-default is-cropped wp-block-gallery-1 is-layout-flex wp-block-gallery-is-layout-flex\">\n<figure class=\"wp-block-image size-large\"><img loading=\"lazy\" decoding=\"async\" width=\"1024\" height=\"768\" data-id=\"135\" src=\"https:\/\/www.podolchami.pl\/wp-content\/uploads\/2024\/07\/20240520_092427-1024x768.jpg\" alt=\"\" class=\"wp-image-135\" srcset=\"https:\/\/www.podolchami.pl\/wp-content\/uploads\/2024\/07\/20240520_092427-1024x768.jpg 1024w, https:\/\/www.podolchami.pl\/wp-content\/uploads\/2024\/07\/20240520_092427-300x225.jpg 300w, https:\/\/www.podolchami.pl\/wp-content\/uploads\/2024\/07\/20240520_092427-768x576.jpg 768w, https:\/\/www.podolchami.pl\/wp-content\/uploads\/2024\/07\/20240520_092427-1536x1152.jpg 1536w, https:\/\/www.podolchami.pl\/wp-content\/uploads\/2024\/07\/20240520_092427-2048x1536.jpg 2048w, https:\/\/www.podolchami.pl\/wp-content\/uploads\/2024\/07\/20240520_092427-1200x900.jpg 1200w, https:\/\/www.podolchami.pl\/wp-content\/uploads\/2024\/07\/20240520_092427-1980x1485.jpg 1980w\" sizes=\"auto, (max-width: 1024px) 100vw, 1024px\" \/><\/figure>\n\n\n\n<figure class=\"wp-block-image size-large\"><img loading=\"lazy\" decoding=\"async\" width=\"1024\" height=\"768\" data-id=\"94\" src=\"https:\/\/www.podolchami.pl\/wp-content\/uploads\/2022\/09\/20210510_095559-1024x768.jpg\" alt=\"\" class=\"wp-image-94\" srcset=\"https:\/\/www.podolchami.pl\/wp-content\/uploads\/2022\/09\/20210510_095559-1024x768.jpg 1024w, https:\/\/www.podolchami.pl\/wp-content\/uploads\/2022\/09\/20210510_095559-300x225.jpg 300w, https:\/\/www.podolchami.pl\/wp-content\/uploads\/2022\/09\/20210510_095559-768x576.jpg 768w, https:\/\/www.podolchami.pl\/wp-content\/uploads\/2022\/09\/20210510_095559-1536x1152.jpg 1536w, https:\/\/www.podolchami.pl\/wp-content\/uploads\/2022\/09\/20210510_095559-2048x1536.jpg 2048w, https:\/\/www.podolchami.pl\/wp-content\/uploads\/2022\/09\/20210510_095559-624x468.jpg 624w\" sizes=\"auto, (max-width: 1024px) 100vw, 1024px\" \/><\/figure>\n\n\n\n<figure class=\"wp-block-image size-large\"><img loading=\"lazy\" decoding=\"async\" width=\"1024\" height=\"768\" data-id=\"111\" src=\"https:\/\/www.podolchami.pl\/wp-content\/uploads\/2024\/04\/IMG_20240415_175505-1024x768.jpg\" alt=\"\" class=\"wp-image-111\" srcset=\"https:\/\/www.podolchami.pl\/wp-content\/uploads\/2024\/04\/IMG_20240415_175505-1024x768.jpg 1024w, https:\/\/www.podolchami.pl\/wp-content\/uploads\/2024\/04\/IMG_20240415_175505-300x225.jpg 300w, https:\/\/www.podolchami.pl\/wp-content\/uploads\/2024\/04\/IMG_20240415_175505-768x576.jpg 768w, https:\/\/www.podolchami.pl\/wp-content\/uploads\/2024\/04\/IMG_20240415_175505-1536x1152.jpg 1536w, https:\/\/www.podolchami.pl\/wp-content\/uploads\/2024\/04\/IMG_20240415_175505-2048x1536.jpg 2048w, https:\/\/www.podolchami.pl\/wp-content\/uploads\/2024\/04\/IMG_20240415_175505-1200x900.jpg 1200w, https:\/\/www.podolchami.pl\/wp-content\/uploads\/2024\/04\/IMG_20240415_175505-1980x1485.jpg 1980w\" sizes=\"auto, (max-width: 1024px) 100vw, 1024px\" \/><\/figure>\n\n\n\n<figure class=\"wp-block-image size-large\"><img loading=\"lazy\" decoding=\"async\" width=\"1024\" height=\"768\" data-id=\"114\" src=\"https:\/\/www.podolchami.pl\/wp-content\/uploads\/2024\/04\/IMG_20240415_175650-1024x768.jpg\" alt=\"\" class=\"wp-image-114\" srcset=\"https:\/\/www.podolchami.pl\/wp-content\/uploads\/2024\/04\/IMG_20240415_175650-1024x768.jpg 1024w, https:\/\/www.podolchami.pl\/wp-content\/uploads\/2024\/04\/IMG_20240415_175650-300x225.jpg 300w, https:\/\/www.podolchami.pl\/wp-content\/uploads\/2024\/04\/IMG_20240415_175650-768x576.jpg 768w, https:\/\/www.podolchami.pl\/wp-content\/uploads\/2024\/04\/IMG_20240415_175650-1536x1152.jpg 1536w, https:\/\/www.podolchami.pl\/wp-content\/uploads\/2024\/04\/IMG_20240415_175650-2048x1536.jpg 2048w, https:\/\/www.podolchami.pl\/wp-content\/uploads\/2024\/04\/IMG_20240415_175650-1200x900.jpg 1200w, https:\/\/www.podolchami.pl\/wp-content\/uploads\/2024\/04\/IMG_20240415_175650-1980x1485.jpg 1980w\" sizes=\"auto, (max-width: 1024px) 100vw, 1024px\" \/><\/figure>\n\n\n\n<figure class=\"wp-block-image size-large\"><img loading=\"lazy\" decoding=\"async\" width=\"1024\" height=\"768\" data-id=\"116\" src=\"https:\/\/www.podolchami.pl\/wp-content\/uploads\/2024\/04\/IMG_20240415_174839-1024x768.jpg\" alt=\"\" class=\"wp-image-116\" srcset=\"https:\/\/www.podolchami.pl\/wp-content\/uploads\/2024\/04\/IMG_20240415_174839-1024x768.jpg 1024w, https:\/\/www.podolchami.pl\/wp-content\/uploads\/2024\/04\/IMG_20240415_174839-300x225.jpg 300w, https:\/\/www.podolchami.pl\/wp-content\/uploads\/2024\/04\/IMG_20240415_174839-768x576.jpg 768w, https:\/\/www.podolchami.pl\/wp-content\/uploads\/2024\/04\/IMG_20240415_174839-1536x1152.jpg 1536w, https:\/\/www.podolchami.pl\/wp-content\/uploads\/2024\/04\/IMG_20240415_174839-2048x1536.jpg 2048w, https:\/\/www.podolchami.pl\/wp-content\/uploads\/2024\/04\/IMG_20240415_174839-1200x900.jpg 1200w, https:\/\/www.podolchami.pl\/wp-content\/uploads\/2024\/04\/IMG_20240415_174839-1980x1485.jpg 1980w\" sizes=\"auto, (max-width: 1024px) 100vw, 1024px\" \/><\/figure>\n\n\n\n<figure class=\"wp-block-image size-large\"><img loading=\"lazy\" decoding=\"async\" width=\"1024\" height=\"768\" data-id=\"117\" src=\"https:\/\/www.podolchami.pl\/wp-content\/uploads\/2024\/04\/IMG_20240415_174802-1024x768.jpg\" alt=\"\" class=\"wp-image-117\" srcset=\"https:\/\/www.podolchami.pl\/wp-content\/uploads\/2024\/04\/IMG_20240415_174802-1024x768.jpg 1024w, https:\/\/www.podolchami.pl\/wp-content\/uploads\/2024\/04\/IMG_20240415_174802-300x225.jpg 300w, https:\/\/www.podolchami.pl\/wp-content\/uploads\/2024\/04\/IMG_20240415_174802-768x576.jpg 768w, https:\/\/www.podolchami.pl\/wp-content\/uploads\/2024\/04\/IMG_20240415_174802-1536x1152.jpg 1536w, https:\/\/www.podolchami.pl\/wp-content\/uploads\/2024\/04\/IMG_20240415_174802-2048x1536.jpg 2048w, https:\/\/www.podolchami.pl\/wp-content\/uploads\/2024\/04\/IMG_20240415_174802-1200x900.jpg 1200w, https:\/\/www.podolchami.pl\/wp-content\/uploads\/2024\/04\/IMG_20240415_174802-1980x1485.jpg 1980w\" sizes=\"auto, (max-width: 1024px) 100vw, 1024px\" \/><\/figure>\n\n\n\n<figure class=\"wp-block-image size-large\"><img loading=\"lazy\" decoding=\"async\" width=\"768\" height=\"1024\" data-id=\"118\" src=\"https:\/\/www.podolchami.pl\/wp-content\/uploads\/2024\/04\/IMG_20240415_174134-768x1024.jpg\" alt=\"\" class=\"wp-image-118\" srcset=\"https:\/\/www.podolchami.pl\/wp-content\/uploads\/2024\/04\/IMG_20240415_174134-768x1024.jpg 768w, https:\/\/www.podolchami.pl\/wp-content\/uploads\/2024\/04\/IMG_20240415_174134-225x300.jpg 225w, https:\/\/www.podolchami.pl\/wp-content\/uploads\/2024\/04\/IMG_20240415_174134-1152x1536.jpg 1152w, https:\/\/www.podolchami.pl\/wp-content\/uploads\/2024\/04\/IMG_20240415_174134-1536x2048.jpg 1536w, https:\/\/www.podolchami.pl\/wp-content\/uploads\/2024\/04\/IMG_20240415_174134-1200x1600.jpg 1200w, https:\/\/www.podolchami.pl\/wp-content\/uploads\/2024\/04\/IMG_20240415_174134-1980x2640.jpg 1980w, https:\/\/www.podolchami.pl\/wp-content\/uploads\/2024\/04\/IMG_20240415_174134-scaled.jpg 1920w\" sizes=\"auto, (max-width: 768px) 100vw, 768px\" \/><\/figure>\n\n\n\n<figure class=\"wp-block-image size-large\"><img loading=\"lazy\" decoding=\"async\" width=\"768\" height=\"1024\" data-id=\"120\" src=\"https:\/\/www.podolchami.pl\/wp-content\/uploads\/2024\/04\/IMG_20240415_174148-768x1024.jpg\" alt=\"\" class=\"wp-image-120\" srcset=\"https:\/\/www.podolchami.pl\/wp-content\/uploads\/2024\/04\/IMG_20240415_174148-768x1024.jpg 768w, https:\/\/www.podolchami.pl\/wp-content\/uploads\/2024\/04\/IMG_20240415_174148-225x300.jpg 225w, https:\/\/www.podolchami.pl\/wp-content\/uploads\/2024\/04\/IMG_20240415_174148-1152x1536.jpg 1152w, https:\/\/www.podolchami.pl\/wp-content\/uploads\/2024\/04\/IMG_20240415_174148-1536x2048.jpg 1536w, https:\/\/www.podolchami.pl\/wp-content\/uploads\/2024\/04\/IMG_20240415_174148-1200x1600.jpg 1200w, https:\/\/www.podolchami.pl\/wp-content\/uploads\/2024\/04\/IMG_20240415_174148-1980x2640.jpg 1980w, https:\/\/www.podolchami.pl\/wp-content\/uploads\/2024\/04\/IMG_20240415_174148-scaled.jpg 1920w\" sizes=\"auto, (max-width: 768px) 100vw, 768px\" \/><\/figure>\n\n\n\n<figure class=\"wp-block-image size-large\"><img loading=\"lazy\" decoding=\"async\" width=\"1024\" height=\"768\" data-id=\"121\" src=\"https:\/\/www.podolchami.pl\/wp-content\/uploads\/2024\/04\/IMG_20240415_173816-1024x768.jpg\" alt=\"\" class=\"wp-image-121\" srcset=\"https:\/\/www.podolchami.pl\/wp-content\/uploads\/2024\/04\/IMG_20240415_173816-1024x768.jpg 1024w, https:\/\/www.podolchami.pl\/wp-content\/uploads\/2024\/04\/IMG_20240415_173816-300x225.jpg 300w, https:\/\/www.podolchami.pl\/wp-content\/uploads\/2024\/04\/IMG_20240415_173816-768x576.jpg 768w, https:\/\/www.podolchami.pl\/wp-content\/uploads\/2024\/04\/IMG_20240415_173816-1536x1152.jpg 1536w, https:\/\/www.podolchami.pl\/wp-content\/uploads\/2024\/04\/IMG_20240415_173816-2048x1536.jpg 2048w, https:\/\/www.podolchami.pl\/wp-content\/uploads\/2024\/04\/IMG_20240415_173816-1200x900.jpg 1200w, https:\/\/www.podolchami.pl\/wp-content\/uploads\/2024\/04\/IMG_20240415_173816-1980x1485.jpg 1980w\" sizes=\"auto, (max-width: 1024px) 100vw, 1024px\" \/><\/figure>\n\n\n\n<figure class=\"wp-block-image size-large\"><img loading=\"lazy\" decoding=\"async\" width=\"768\" height=\"1024\" data-id=\"130\" src=\"https:\/\/www.podolchami.pl\/wp-content\/uploads\/2024\/04\/IMG_20240415_173913-768x1024.jpg\" alt=\"\" class=\"wp-image-130\" srcset=\"https:\/\/www.podolchami.pl\/wp-content\/uploads\/2024\/04\/IMG_20240415_173913-768x1024.jpg 768w, https:\/\/www.podolchami.pl\/wp-content\/uploads\/2024\/04\/IMG_20240415_173913-225x300.jpg 225w, https:\/\/www.podolchami.pl\/wp-content\/uploads\/2024\/04\/IMG_20240415_173913-1152x1536.jpg 1152w, https:\/\/www.podolchami.pl\/wp-content\/uploads\/2024\/04\/IMG_20240415_173913-1536x2048.jpg 1536w, https:\/\/www.podolchami.pl\/wp-content\/uploads\/2024\/04\/IMG_20240415_173913-1200x1600.jpg 1200w, https:\/\/www.podolchami.pl\/wp-content\/uploads\/2024\/04\/IMG_20240415_173913-1980x2640.jpg 1980w, https:\/\/www.podolchami.pl\/wp-content\/uploads\/2024\/04\/IMG_20240415_173913-scaled.jpg 1920w\" sizes=\"auto, (max-width: 768px) 100vw, 768px\" \/><\/figure>\n\n\n\n<figure class=\"wp-block-image size-large\"><img loading=\"lazy\" decoding=\"async\" width=\"1024\" height=\"768\" data-id=\"122\" src=\"https:\/\/www.podolchami.pl\/wp-content\/uploads\/2024\/04\/IMG_20240415_173850-1024x768.jpg\" alt=\"\" class=\"wp-image-122\" srcset=\"https:\/\/www.podolchami.pl\/wp-content\/uploads\/2024\/04\/IMG_20240415_173850-1024x768.jpg 1024w, https:\/\/www.podolchami.pl\/wp-content\/uploads\/2024\/04\/IMG_20240415_173850-300x225.jpg 300w, https:\/\/www.podolchami.pl\/wp-content\/uploads\/2024\/04\/IMG_20240415_173850-768x576.jpg 768w, https:\/\/www.podolchami.pl\/wp-content\/uploads\/2024\/04\/IMG_20240415_173850-1536x1152.jpg 1536w, https:\/\/www.podolchami.pl\/wp-content\/uploads\/2024\/04\/IMG_20240415_173850-2048x1536.jpg 2048w, https:\/\/www.podolchami.pl\/wp-content\/uploads\/2024\/04\/IMG_20240415_173850-1200x900.jpg 1200w, https:\/\/www.podolchami.pl\/wp-content\/uploads\/2024\/04\/IMG_20240415_173850-1980x1485.jpg 1980w\" sizes=\"auto, (max-width: 1024px) 100vw, 1024px\" \/><\/figure>\n\n\n\n<figure class=\"wp-block-image size-large\"><img loading=\"lazy\" decoding=\"async\" width=\"1440\" height=\"2560\" data-id=\"268\" src=\"https:\/\/www.podolchami.pl\/wp-content\/uploads\/2025\/03\/IMG_20240415_174018-edited-scaled.jpg\" alt=\"\" class=\"wp-image-268\" srcset=\"https:\/\/www.podolchami.pl\/wp-content\/uploads\/2025\/03\/IMG_20240415_174018-edited-scaled.jpg 1440w, https:\/\/www.podolchami.pl\/wp-content\/uploads\/2025\/03\/IMG_20240415_174018-edited-169x300.jpg 169w, https:\/\/www.podolchami.pl\/wp-content\/uploads\/2025\/03\/IMG_20240415_174018-edited-1688x3000.jpg 1688w, https:\/\/www.podolchami.pl\/wp-content\/uploads\/2025\/03\/IMG_20240415_174018-edited-768x1365.jpg 768w, https:\/\/www.podolchami.pl\/wp-content\/uploads\/2025\/03\/IMG_20240415_174018-edited-864x1536.jpg 864w, https:\/\/www.podolchami.pl\/wp-content\/uploads\/2025\/03\/IMG_20240415_174018-edited-1152x2048.jpg 1152w\" sizes=\"auto, (max-width: 1440px) 100vw, 1440px\" \/><\/figure>\n<\/figure>\n\n\n\n<div class=\"wp-block-group is-nowrap is-layout-flex wp-container-core-group-is-layout-ad2f72ca wp-block-group-is-layout-flex\"><\/div>\n\n\n\n<p><\/p>\n\n\n\n<div data-wp-interactive=\"core\/file\" class=\"wp-block-file aligncenter\"><object data-wp-bind--hidden=\"!state.hasPdfPreview\" hidden class=\"wp-block-file__embed\" data=\"https:\/\/www.podolchami.pl\/wp-content\/uploads\/2025\/03\/Roztocze_ebook.pdf\" type=\"application\/pdf\" style=\"width:100%;height:600px\" aria-label=\"Osadzone z &lt;br&gt;&lt;strong&gt;Roztocze Wyj\u0105tkowe Miejsca Niezapomniane Chwile&lt;\/strong&gt;.\"><\/object><a><br><strong>Roztocze Wyj\u0105tkowe Miejsca Niezapomniane Chwile<\/strong><\/a><a href=\"https:\/\/www.podolchami.pl\/wp-content\/uploads\/2025\/03\/Roztocze_ebook.pdf\" class=\"wp-block-file__button wp-element-button\" download>Pobierz Ebook<\/a><\/div>\n\n\n\n<p><\/p>\n","protected":false},"excerpt":{"rendered":"<p>Komfortowy dom tylko dla Ciebie Oferujemy przestronny, w pe\u0142ni wyposa\u017cony dom z czterema [&hellip;]<\/p>\n","protected":false},"author":1,"featured_media":0,"parent":0,"menu_order":0,"comment_status":"closed","ping_status":"closed","template":"","meta":{"footnotes":""},"class_list":["post-6","page","type-page","status-publish","hentry"],"_links":{"self":[{"href":"https:\/\/www.podolchami.pl\/index.php?rest_route=\/wp\/v2\/pages\/6","targetHints":{"allow":["GET"]}}],"collection":[{"href":"https:\/\/www.podolchami.pl\/index.php?rest_route=\/wp\/v2\/pages"}],"about":[{"href":"https:\/\/www.podolchami.pl\/index.php?rest_route=\/wp\/v2\/types\/page"}],"author":[{"embeddable":true,"href":"https:\/\/www.podolchami.pl\/index.php?rest_route=\/wp\/v2\/users\/1"}],"replies":[{"embeddable":true,"href":"https:\/\/www.podolchami.pl\/index.php?rest_route=%2Fwp%2Fv2%2Fcomments&post=6"}],"version-history":[{"count":48,"href":"https:\/\/www.podolchami.pl\/index.php?rest_route=\/wp\/v2\/pages\/6\/revisions"}],"predecessor-version":[{"id":410,"href":"https:\/\/www.podolchami.pl\/index.php?rest_route=\/wp\/v2\/pages\/6\/revisions\/410"}],"wp:attachment":[{"href":"https:\/\/www.podolchami.pl\/index.php?rest_route=%2Fwp%2Fv2%2Fmedia&parent=6"}],"curies":[{"name":"wp","href":"https:\/\/api.w.org\/{rel}","templated":true}]}}